{"id":1101,"date":"2023-09-15T18:59:21","date_gmt":"2023-09-15T16:59:21","guid":{"rendered":"https:\/\/pruebadotacionesdelcentro.innovardotaciones.com\/?post_type=product&#038;p=1101"},"modified":"2023-09-15T18:59:21","modified_gmt":"2023-09-15T16:59:21","slug":"delantales-en-dril","status":"publish","type":"product","link":"https:\/\/pruebadotacionesdelcentro.innovardotaciones.com\/index.php\/producto\/delantales-en-dril\/","title":{"rendered":"Delantales en Dril"},"content":{"rendered":"<p>Est\u00e1 confeccionado con materiales resistentes a la penetraci\u00f3n de l\u00edquidos y suele utilizarse en entornos donde existe un riesgo de derrames o salpicaduras, como en entornos m\u00e9dicos, laboratorios, industrias alimentarias, restaurantes y cualquier otro lugar donde se requiera mantener la higiene y la seguridad.<\/p>\n","protected":false},"excerpt":{"rendered":"<p>Est\u00e1 confeccionado con materiales resistentes a la penetraci\u00f3n de l\u00edquidos y suele utilizarse en entornos donde existe un riesgo de derrames o salpicaduras.<\/p>\n","protected":false},"featured_media":1106,"comment_status":"open","ping_status":"closed","template":"","meta":{"site-sidebar-layout":"default","site-content-layout":"","ast-site-content-layout":"default","site-content-style":"default","site-sidebar-style":"default","ast-global-header-display":"","ast-banner-title-visibility":"","ast-main-header-display":"","ast-hfb-above-header-display":"","ast-hfb-below-header-display":"","ast-hfb-mobile-header-display":"","site-post-title":"","ast-breadcrumbs-content":"","ast-featured-img":"","footer-sml-layout":"","theme-transparent-header-meta":"default","adv-header-id-meta":"","stick-header-meta":"","header-above-stick-meta":"","header-main-stick-meta":"","header-below-stick-meta":"","astra-migrate-meta-layouts":"set"},"product_cat":[17],"product_tag":[28],"_links":{"self":[{"href":"https:\/\/pruebadotacionesdelcentro.innovardotaciones.com\/index.php\/wp-json\/wp\/v2\/product\/1101"}],"collection":[{"href":"https:\/\/pruebadotacionesdelcentro.innovardotaciones.com\/index.php\/wp-json\/wp\/v2\/product"}],"about":[{"href":"https:\/\/pruebadotacionesdelcentro.innovardotaciones.com\/index.php\/wp-json\/wp\/v2\/types\/product"}],"replies":[{"embeddable":true,"href":"https:\/\/pruebadotacionesdelcentro.innovardotaciones.com\/index.php\/wp-json\/wp\/v2\/comments?post=1101"}],"wp:featuredmedia":[{"embeddable":true,"href":"https:\/\/pruebadotacionesdelcentro.innovardotaciones.com\/index.php\/wp-json\/wp\/v2\/media\/1106"}],"wp:attachment":[{"href":"https:\/\/pruebadotacionesdelcentro.innovardotaciones.com\/index.php\/wp-json\/wp\/v2\/media?parent=1101"}],"wp:term":[{"taxonomy":"product_cat","embeddable":true,"href":"https:\/\/pruebadotacionesdelcentro.innovardotaciones.com\/index.php\/wp-json\/wp\/v2\/product_cat?post=1101"},{"taxonomy":"product_tag","embeddable":true,"href":"https:\/\/pruebadotacionesdelcentro.innovardotaciones.com\/index.php\/wp-json\/wp\/v2\/product_tag?post=1101"}],"curies":[{"name":"wp","href":"https:\/\/api.w.org\/{rel}","templated":true}]}}